{"id":340,"date":"2019-05-13T11:50:57","date_gmt":"2019-05-13T09:50:57","guid":{"rendered":"http:\/\/leachevrier.fr\/?page_id=340"},"modified":"2023-12-17T12:24:36","modified_gmt":"2023-12-17T11:24:36","slug":"le-binaural-cest-quoi","status":"publish","type":"page","link":"https:\/\/leachevrier.fr\/index.php\/le-binaural-cest-quoi\/","title":{"rendered":"BINO ?"},"content":{"rendered":"\n<p>J&#8217;emploie tr\u00e8s souvent le terme <strong><em>\u00ab\u00a0binaural\u00a0\u00bb <\/em><\/strong>dans ce site, et d\u00e9die donc cette page \u00e0 l&rsquo;explication de ce mot.<\/p>\n\n\n\n<p><strong>\u00c9THYMOLOGIE<\/strong><br>Le pr\u00e9fixe latin <em>bi <\/em>signifie<em> deux. Aural, <\/em>du latin<em> auris, <\/em>signifie : <em>ce qui est relatif \u00e0 l&rsquo;oreille.&nbsp;<\/em>L&rsquo;\u00e9coute <em>binaurale<\/em> d\u00e9signe donc l&rsquo;\u00e9coute avec deux oreilles, ce qui correspond \u00e0 notre \u00e9coute naturelle. C&rsquo;est pourquoi la technique dite <em>binaurale<\/em> s&rsquo;approche d&rsquo;une reconstitution de l&rsquo;environnement sonore en trois dimensions, comme dans la vie r\u00e9elle. <\/p>\n\n\n\n<p><strong>PH\u00c9NOM\u00c8NES PSYCHOACOUSTIQUES<\/strong><br>Pour \u00eatre capable de localiser un son dans l&rsquo;espace, notre cerveau analyse trois ph\u00e9nom\u00e8nes psychoacoustiques fondamentaux : les diff\u00e9rences de temps et d&rsquo;intensit\u00e9 entre les ondes sonores qui arrivent sur chacune de nos oreilles, ainsi que les indices spectraux. <\/p>\n\n\n\n<p>Prenons un exemple : si une source sonore se trouve devant moi sur ma droite, l&rsquo;onde sonore \u00e9mise va arriver en premier lieu sur mon oreille droite et arrivera avec un l\u00e9ger retard sur mon oreille gauche. L&rsquo;intensit\u00e9 sonore sera plus forte sur mon oreille droite que sur mon oreille gauche (ma t\u00eate agissant comme un obstacle acoustique) et on percevra l&rsquo;objet sonore avec un timbre particulier.<br><br>Si cet objet sonore se trouve d\u00e9sormais \u00e0 l&rsquo;arri\u00e8re sur ma droite, les diff\u00e9rences de temps et d&rsquo;intensit\u00e9 seront sensiblement les m\u00eames que dans l&rsquo;exemple pr\u00e9c\u00e9dent mais le timbre sera quant \u00e0 lui modifi\u00e9. Voil\u00e0 la particularit\u00e9 du binaural par rapport \u00e0 la prise de son st\u00e9r\u00e9ophonique : les indices spectraux. C&rsquo;est gr\u00e2ce \u00e0 cela que le binaural permet d&rsquo;entendre en trois dimensions et permet de diff\u00e9rencier l&rsquo;arri\u00e8re de l&rsquo;avant.<\/p>\n\n\n\n<figure class=\"wp-block-gallery aligncenter columns-3 is-cropped\"><ul class=\"blocks-gallery-grid\"><li class=\"blocks-gallery-item\"><figure><img loading=\"lazy\" width=\"440\" height=\"428\" src=\"http:\/\/leachevrier.fr\/wp-content\/uploads\/2019\/05\/difference-de-temps.png\" alt=\"\" data-id=\"563\" data-link=\"http:\/\/leachevrier.fr\/index.php\/le-binaural-cest-quoi\/difference-de-temps\/\" class=\"wp-image-563\" srcset=\"https:\/\/leachevrier.fr\/wp-content\/uploads\/2019\/05\/difference-de-temps.png 440w, https:\/\/leachevrier.fr\/wp-content\/uploads\/2019\/05\/difference-de-temps-150x146.png 150w, https:\/\/leachevrier.fr\/wp-content\/uploads\/2019\/05\/difference-de-temps-300x292.png 300w\" sizes=\"(max-width: 440px) 100vw, 440px\" \/><figcaption class=\"blocks-gallery-item__caption\">Diff\u00e9rence de temps<\/figcaption><\/figure><\/li><li class=\"blocks-gallery-item\"><figure><img loading=\"lazy\" width=\"376\" height=\"365\" src=\"http:\/\/leachevrier.fr\/wp-content\/uploads\/2019\/05\/Sans-titre.png\" alt=\"\" data-id=\"564\" data-link=\"http:\/\/leachevrier.fr\/index.php\/le-binaural-cest-quoi\/sans-titre\/\" class=\"wp-image-564\" srcset=\"https:\/\/leachevrier.fr\/wp-content\/uploads\/2019\/05\/Sans-titre.png 376w, https:\/\/leachevrier.fr\/wp-content\/uploads\/2019\/05\/Sans-titre-150x146.png 150w, https:\/\/leachevrier.fr\/wp-content\/uploads\/2019\/05\/Sans-titre-300x291.png 300w\" sizes=\"(max-width: 376px) 100vw, 376px\" \/><figcaption class=\"blocks-gallery-item__caption\">Diff\u00e9rence d&rsquo;intensit\u00e9<\/figcaption><\/figure><\/li><li class=\"blocks-gallery-item\"><figure><img loading=\"lazy\" width=\"499\" height=\"415\" src=\"http:\/\/leachevrier.fr\/wp-content\/uploads\/2019\/05\/spectre.png\" alt=\"\" data-id=\"565\" data-link=\"http:\/\/leachevrier.fr\/index.php\/le-binaural-cest-quoi\/spectre\/\" class=\"wp-image-565\" srcset=\"https:\/\/leachevrier.fr\/wp-content\/uploads\/2019\/05\/spectre.png 499w, https:\/\/leachevrier.fr\/wp-content\/uploads\/2019\/05\/spectre-150x125.png 150w, https:\/\/leachevrier.fr\/wp-content\/uploads\/2019\/05\/spectre-300x249.png 300w\" sizes=\"(max-width: 499px) 100vw, 499px\" \/><figcaption class=\"blocks-gallery-item__caption\">Indices spectraux<\/figcaption><\/figure><\/li><\/ul><\/figure>\n\n\n\n<p><br><strong>TECHNIQUES POUR CR\u00c9ER DU SON BINAURAL<\/strong><br>Il existe deux grandes m\u00e9thodes pour cr\u00e9er du son en binaural : soit directement \u00e0 l&rsquo;enregistrement, c&rsquo;est ce qu&rsquo;on appelle le <em>binaural natif<\/em> ou la <em>prise de son binaurale<\/em>, soit \u00e0 la postproduction, c&rsquo;est la <em>synth\u00e8se binaurale<\/em> ou le <em>binaural par traitement du signal<\/em>.<\/p>\n\n\n\n<p>Le binaural natif repose sur un principe simple : le but est de reproduire le plus fid\u00e8lement possible les ph\u00e9nom\u00e8nes psychoacoustiques dont on parlait plus haut. Pour ce faire, il suffit de placer des microphones au plus pr\u00e8s  de nos tympans pour profiter des ph\u00e9nom\u00e8nes de diffraction, d&rsquo;absorption et de r\u00e9flexion qui se font sur notre t\u00eate et nos pavillons d&rsquo;oreille. <br>Le principe est donc de placer des petits micros dans nos oreilles, ou d&rsquo;utiliser une t\u00eate artificielle (vous pouvez voir de nombreuses photos de la t\u00eate Neumann KU100 sur ce site, ainsi que de Germaine, ma t\u00eate binaurale faite maison).<\/p>\n\n\n\n<figure class=\"wp-block-gallery aligncenter columns-3 is-cropped\"><ul class=\"blocks-gallery-grid\"><li class=\"blocks-gallery-item\"><figure><img loading=\"lazy\" width=\"960\" height=\"747\" src=\"http:\/\/leachevrier.fr\/wp-content\/uploads\/2019\/05\/IMG_1499-1.jpg\" alt=\"\" data-id=\"174\" data-link=\"http:\/\/leachevrier.fr\/index.php\/2019\/05\/09\/trobairitz\/img_1499-2\/\" class=\"wp-image-174\" srcset=\"https:\/\/leachevrier.fr\/wp-content\/uploads\/2019\/05\/IMG_1499-1.jpg 960w, https:\/\/leachevrier.fr\/wp-content\/uploads\/2019\/05\/IMG_1499-1-150x117.jpg 150w, https:\/\/leachevrier.fr\/wp-content\/uploads\/2019\/05\/IMG_1499-1-300x233.jpg 300w, https:\/\/leachevrier.fr\/wp-content\/uploads\/2019\/05\/IMG_1499-1-768x598.jpg 768w\" sizes=\"(max-width: 960px) 100vw, 960px\" \/><figcaption class=\"blocks-gallery-item__caption\">KU100<\/figcaption><\/figure><\/li><li class=\"blocks-gallery-item\"><figure><img loading=\"lazy\" width=\"1024\" height=\"768\" src=\"http:\/\/leachevrier.fr\/wp-content\/uploads\/2019\/05\/IMG_1595-1024x768.jpg\" alt=\"\" data-id=\"167\" data-link=\"http:\/\/leachevrier.fr\/index.php\/2019\/05\/09\/trobairitz\/img_1595\/\" class=\"wp-image-167\" srcset=\"https:\/\/leachevrier.fr\/wp-content\/uploads\/2019\/05\/IMG_1595-1024x768.jpg 1024w, https:\/\/leachevrier.fr\/wp-content\/uploads\/2019\/05\/IMG_1595-150x113.jpg 150w, https:\/\/leachevrier.fr\/wp-content\/uploads\/2019\/05\/IMG_1595-300x225.jpg 300w, https:\/\/leachevrier.fr\/wp-content\/uploads\/2019\/05\/IMG_1595-768x576.jpg 768w\" sizes=\"(max-width: 1024px) 100vw, 1024px\" \/><figcaption class=\"blocks-gallery-item__caption\">GERMAINE<\/figcaption><\/figure><\/li><li class=\"blocks-gallery-item\"><figure><img loading=\"lazy\" width=\"326\" height=\"435\" src=\"http:\/\/leachevrier.fr\/wp-content\/uploads\/2019\/05\/Tete-lea.png\" alt=\"\" data-id=\"569\" data-link=\"http:\/\/leachevrier.fr\/index.php\/le-binaural-cest-quoi\/tete-lea\/\" class=\"wp-image-569\" srcset=\"https:\/\/leachevrier.fr\/wp-content\/uploads\/2019\/05\/Tete-lea.png 326w, https:\/\/leachevrier.fr\/wp-content\/uploads\/2019\/05\/Tete-lea-112x150.png 112w, https:\/\/leachevrier.fr\/wp-content\/uploads\/2019\/05\/Tete-lea-225x300.png 225w\" sizes=\"(max-width: 326px) 100vw, 326px\" \/><figcaption class=\"blocks-gallery-item__caption\">DPA 4060<\/figcaption><\/figure><\/li><\/ul><\/figure>\n\n\n\n<p>Le binaural par traitement du signal utilise des logiciels qui se basent sur les \u00e9quations d&rsquo;ondes de l&rsquo;acoustique classique. Ces \u00e9quations tentent de d\u00e9crire les ph\u00e9nom\u00e8nes acoustiques avec une approche math\u00e9matique. Il suffit alors de positionner la source sonore \u00e0 l&rsquo;endroit voulu gr\u00e2ce \u00e0 un logiciel, et ce dernier fera le travail pour vous !<\/p>\n\n\n\n<div class=\"wp-block-image\"><figure class=\"aligncenter is-resized\"><img loading=\"lazy\" src=\"http:\/\/leachevrier.fr\/wp-content\/uploads\/2019\/05\/SPAT.png\" alt=\"\" class=\"wp-image-571\" width=\"474\" height=\"418\" srcset=\"https:\/\/leachevrier.fr\/wp-content\/uploads\/2019\/05\/SPAT.png 632w, https:\/\/leachevrier.fr\/wp-content\/uploads\/2019\/05\/SPAT-150x132.png 150w, https:\/\/leachevrier.fr\/wp-content\/uploads\/2019\/05\/SPAT-300x264.png 300w\" sizes=\"(max-width: 474px) 100vw, 474px\" \/><figcaption>SPAT (FLUX)<\/figcaption><\/figure><\/div>\n\n\n\n<p><strong>POUR ALLER PLUS LOIN<\/strong><br>Si vous voulez plus d&rsquo;informations \u00e0 ce sujet, n&rsquo;h\u00e9sitez pas \u00e0 consulter mon m\u00e9moire de fin d&rsquo;\u00e9tudes en cliquant <a href=\"https:\/\/www.lesonbinaural.fr\/EDIT\/DOCS\/chevrier_son_2015.PDF\">ici<\/a>. Bonne lecture ! <\/p>\n","protected":false},"excerpt":{"rendered":"<p>J&#8217;emploie tr\u00e8s souvent le terme \u00ab\u00a0binaural\u00a0\u00bb dans ce site, et d\u00e9die donc cette page \u00e0 l&rsquo;explication de ce mot. \u00c9THYMOLOGIELe pr\u00e9fixe latin bi signifie deux. Aural, du latin auris, signifie : ce qui est relatif \u00e0 l&rsquo;oreille.&nbsp;L&rsquo;\u00e9coute binaurale d\u00e9signe donc l&rsquo;\u00e9coute avec deux oreilles, ce qui correspond \u00e0 notre \u00e9coute naturelle. C&rsquo;est pourquoi la technique [&hellip;]<\/p>\n","protected":false},"author":1,"featured_media":0,"parent":0,"menu_order":0,"comment_status":"closed","ping_status":"closed","template":"","meta":[],"_links":{"self":[{"href":"https:\/\/leachevrier.fr\/index.php\/wp-json\/wp\/v2\/pages\/340"}],"collection":[{"href":"https:\/\/leachevrier.fr\/index.php\/wp-json\/wp\/v2\/pages"}],"about":[{"href":"https:\/\/leachevrier.fr\/index.php\/wp-json\/wp\/v2\/types\/page"}],"author":[{"embeddable":true,"href":"https:\/\/leachevrier.fr\/index.php\/wp-json\/wp\/v2\/users\/1"}],"replies":[{"embeddable":true,"href":"https:\/\/leachevrier.fr\/index.php\/wp-json\/wp\/v2\/comments?post=340"}],"version-history":[{"count":19,"href":"https:\/\/leachevrier.fr\/index.php\/wp-json\/wp\/v2\/pages\/340\/revisions"}],"predecessor-version":[{"id":2161,"href":"https:\/\/leachevrier.fr\/index.php\/wp-json\/wp\/v2\/pages\/340\/revisions\/2161"}],"wp:attachment":[{"href":"https:\/\/leachevrier.fr\/index.php\/wp-json\/wp\/v2\/media?parent=340"}],"curies":[{"name":"wp","href":"https:\/\/api.w.org\/{rel}","templated":true}]}}