{"id":103,"date":"2019-05-09T12:52:53","date_gmt":"2019-05-09T10:52:53","guid":{"rendered":"http:\/\/leachevrier.fr\/?page_id=103"},"modified":"2026-02-12T10:52:08","modified_gmt":"2026-02-12T09:52:08","slug":"news","status":"publish","type":"page","link":"https:\/\/leachevrier.fr\/index.php\/news\/","title":{"rendered":"NEWS"},"content":{"rendered":"\n<p><strong>\u00c9V\u00c8NEMENTS A VENIR<\/strong><\/p>\n\n\n\n<p><strong>17 F\u00e9vrier 2026 :<\/strong> <a href=\"https:\/\/www.laseinemusicale.com\/spectacles-concerts\/pop-conf-linvisibilisation-des-compositrices-quelle-partition-sest-jouee\/\">Pop Conf&rsquo; <\/a><br><em>L\u2019invisibilisation des compositrices, quelle partition s\u2019est jou\u00e9e ?<\/em><br>Table ronde \u00e0 la <a href=\"https:\/\/www.laseinemusicale.com\/la-salle\/\">Seine Musicale<\/a> avec <a href=\"https:\/\/fr.wikipedia.org\/wiki\/Aliette_de_Laleu\">Aliette de Laleu<\/a>, <a href=\"https:\/\/fr.wikipedia.org\/wiki\/M%C3%A9lanie_Traversier\">M\u00e9lanie Traversier<\/a>, <a href=\"https:\/\/fr.wikipedia.org\/wiki\/Laureline_Amanieux\">Laureline Amanieux<\/a> et L\u00e9a Chevrier<br>Entr\u00e9e libre sur inscription \u00e0 <a href=\"mailto:laseinemusicale@hauts-de-seine.fr\">laseinemusicale@hauts-de-seine.fr<\/a><\/p>\n\n\n\n<figure class=\"wp-block-image size-large is-resized\"><img loading=\"lazy\" src=\"https:\/\/leachevrier.fr\/wp-content\/uploads\/2026\/02\/SeineLab_Affiche-pop-conf_horiz-1024x576.jpg\" alt=\"\" class=\"wp-image-2734\" width=\"333\" height=\"187\" srcset=\"https:\/\/leachevrier.fr\/wp-content\/uploads\/2026\/02\/SeineLab_Affiche-pop-conf_horiz-1024x576.jpg 1024w, https:\/\/leachevrier.fr\/wp-content\/uploads\/2026\/02\/SeineLab_Affiche-pop-conf_horiz-300x169.jpg 300w, https:\/\/leachevrier.fr\/wp-content\/uploads\/2026\/02\/SeineLab_Affiche-pop-conf_horiz-150x84.jpg 150w, https:\/\/leachevrier.fr\/wp-content\/uploads\/2026\/02\/SeineLab_Affiche-pop-conf_horiz-768x432.jpg 768w, https:\/\/leachevrier.fr\/wp-content\/uploads\/2026\/02\/SeineLab_Affiche-pop-conf_horiz-1536x864.jpg 1536w, https:\/\/leachevrier.fr\/wp-content\/uploads\/2026\/02\/SeineLab_Affiche-pop-conf_horiz.jpg 1920w\" sizes=\"(max-width: 333px) 100vw, 333px\" \/><\/figure>\n\n\n\n<p><strong>Janvier-Mai 2026 <\/strong>: <a href=\"https:\/\/leachevrier.fr\/index.php\/2023\/10\/30\/decompose-en-cours\/\">Un orchestre \u00e0 soi<\/a><br>L&rsquo;installation Un Orchestre \u00e0 Soi sera expos\u00e9e au <a href=\"https:\/\/www.laseinemusicale.com\/seinelab\/\">SeineLab &#8211; la Seine Musicale <\/a>(Boulogne) <br>-> du 21 janvier au 16 mai 2026.<\/p>\n\n\n\n<figure class=\"wp-block-image size-large is-resized\"><img loading=\"lazy\" src=\"https:\/\/leachevrier.fr\/wp-content\/uploads\/2026\/02\/SeineLab_Affiche-UOAS-1.jpg\" alt=\"\" class=\"wp-image-2735\" width=\"298\" height=\"397\" srcset=\"https:\/\/leachevrier.fr\/wp-content\/uploads\/2026\/02\/SeineLab_Affiche-UOAS-1.jpg 600w, https:\/\/leachevrier.fr\/wp-content\/uploads\/2026\/02\/SeineLab_Affiche-UOAS-1-225x300.jpg 225w, https:\/\/leachevrier.fr\/wp-content\/uploads\/2026\/02\/SeineLab_Affiche-UOAS-1-113x150.jpg 113w\" sizes=\"(max-width: 298px) 100vw, 298px\" \/><\/figure>\n\n\n\n<p>La performance <em>Maddalena morir non pu\u00f2<\/em> sera jou\u00e9e au SeineLab les :<br>&#8211; le samedi 24 janvier \u00e0 18h et \u00e0 19h<br>&#8211; le samedi 28 mars \u00e0 18h et \u00e0 19h<br>&#8211; le samedi 16 mai \u00e0 17h et \u00e0 18h<\/p>\n\n\n\n<p>-&gt; Toutes les infos <a href=\"https:\/\/www.laseinemusicale.com\/spectacles-concerts\/un-orchestre-a-soi\/\">ici<\/a><\/p>\n\n\n\n<figure class=\"wp-block-image size-large is-resized\"><img loading=\"lazy\" src=\"http:\/\/leachevrier.fr\/wp-content\/uploads\/2026\/02\/SeineLab_Affiche-perf-724x1024.jpg\" alt=\"\" class=\"wp-image-2728\" width=\"296\" height=\"536\"\/><\/figure>\n\n\n\n<p><br><strong>REVUE DE PRESSE<\/strong><br><strong>2026<\/strong><br><a href=\"https:\/\/www.sortiraparis.com\/scenes\/concert-musique\/articles\/338592-un-orchestre-a-soi-oeuvre-immersive-hommage-compositrices-oubliees-seine-musicale\">SORTIR A PARIS<\/a><br>La Seine Musicale accueille une installation sonore et immersive gratuite d\u00e9di\u00e9e aux compositrices oubli\u00e9es du 22 janvier au 16 mai 2026.<\/p>\n\n\n\n<p><br><strong>2025<\/strong><br><a href=\"https:\/\/www.telerama.fr\/restos-loisirs\/nuit-europeenne-des-musees-2025-a-paris-et-banlieue-notre-selection-pour-en-profiter-7025654.php\">T\u00c9L\u00c9RAMA <\/a>&#8211; NUIT EUROP\u00c9ENNE DES MUS\u00c9ES<br>Un Orchestre \u00e0 Soi &#8211; Cr\u00e9atrice sonore, L\u00e9a Chevrier offre, \u00e0 travers un dispositif \u00e9lectro-acoustique spatialis\u00e9 dans ce lieu historique, une r\u00e9flexion sur l&rsquo;invisibilisation des femmes compositrices ou interpr\u00e8tes de toutes les \u00e9poques.<br><br><a href=\"https:\/\/www.ouest-france.fr\/bretagne\/landerneau-29800\/a-landerneau-ces-lyceens-ont-cree-des-podcasts-sur-des-femmes-3274d30c-e881-11ef-9a7b-e9dff01c2f19\">OUEST FRANCE<\/a><br>\u00c0 Landerneau, ces lyc\u00e9ens ont cr\u00e9\u00e9 des podcasts sur des&nbsp;femmes : \u00ab\u00a0les 7 audacieuses\u00a0\u00bb.<br><br><a href=\"https:\/\/www.letelegramme.fr\/finistere\/landerneau-29800\/au-lycee-de-lelorn-a-landerneau-ces-eleves-ressuscitent-des-femmes-oubliees-avec-des-podcasts-6758085.php\">LE TELEGRAMME<\/a><br>Au lyc\u00e9e de l\u2019\u00c9lorn \u00e0 Landerneau, ces \u00e9l\u00e8ves ressuscitent des femmes oubli\u00e9es avec des podcasts : \u00ab\u00a0les 7 audacieuses\u00a0\u00bb.<br><br><a href=\"https:\/\/www.telerama.fr\/television\/un-orchestre-a-soi-sur-france-tv-sortir-de-l-oubli-des-musiciennes-injustement-invisibilisees_cri-7036257.php\">T\u00c9L\u00c9RAMA<\/a> &#8211; TTT &#8211; \u00ab\u00a0UN ORCHESTRE A SOI\u00a0\u00bb SUR FRANCE TV.FR <br>SORTIR DE L&rsquo;OUBLI LES MUSICIENNES INJUSTEMENT INVISIBILISEES<br>Sophie Gail, Louise Farrenc, Ethel Smyth\u2026 Cette s\u00e9rie documentaire en huit \u00e9pisodes, r\u00e9alis\u00e9e par Laureline Amanieux, sort de l\u2019ombre de grandes compositrices du pass\u00e9. Une salutaire piq\u00fbre de rappel.<\/p>\n\n\n\n<p><strong>2024<\/strong><br><a href=\"https:\/\/www.diapasonmag.fr\/a-la-une\/france-television-lance-une-webserie-documentaire-sur-les-compositrices-52196.html\">DIAPASON MAG<\/a><br>France T\u00e9l\u00e9vision lance une webs\u00e9rie documentaire sur les compositrices<br><br><a href=\"https:\/\/france3-regions.francetvinfo.fr\/normandie\/un-orchestre-a-soi-une-web-serie-pour-decouvrir-des-compositrices-oubliees-de-l-histoire-3021500.html\">FRANCE 3 Normandie<\/a><br>\u00ab\u00a0Un orchestre \u00e0 soi\u00a0\u00bb : une web-s\u00e9rie pour d\u00e9couvrir des compositrices oubli\u00e9es de l&rsquo;Histoire.<br><br><a href=\"https:\/\/www.canalb.fr\/curiocite\/6698\">CANALB<\/a><br><em>Emission CurioCITE. &nbsp;<\/em><br>Rediffusion de l&rsquo;\u00e9change avec la r\u00e9alisatrice rennaise L\u00e9a Chevrier. Son installation Un orchestre \u00e0 soi est \u00e0 voir \u00e0 l&rsquo;Op\u00e9ra du 21 septembre au 5 octobre. <\/p>\n\n\n\n<p><strong>2023<\/strong><br><a href=\"https:\/\/www.unidivers.fr\/lea-chevrier-decompose-recompose\/?fbclid=IwAR0d6ITwOMu7gdY0h5SVplZAqFqq4HVFiBvT4ixgVWonRrCK0pLSpdAieDs\">UNIDIVERS<\/a><br>L\u00e9a Chevrier&nbsp;pr\u00e9sente son projet sur les compositrices effac\u00e9es de l\u2019histoire de la musique \u00e0 l\u2019occasion de sa sortie de r\u00e9sidence au&nbsp;conservatoire de Rennes&nbsp;ce vendredi 6 octobre&nbsp;2023.<br><br><a href=\"https:\/\/canalb.fr\/cremedelacreme\/4487\">CANALB<\/a><br><em>Emission Cr\u00e8me de la cr\u00e8me. <\/em><br>Discussion avec la cr\u00e9atrice sonore L\u00e9a Chevrier \u00e0 propos de \u00ab\u00a0D\u00e9compose\/Recompose\u00a0\u00bb, une installation sonore &amp; une webs\u00e9rie documentaire sur les compositrices europ\u00e9ennes effac\u00e9es de l\u2019histoire de la musique. Une sortie de r\u00e9sidence aura lieu le&nbsp;26\/06 de 18h \u00e0 20h \u00e0 l&rsquo;Hotel Pasteur, une autre le&nbsp;&nbsp;6\/10 au CRR du Blosne.<br><br><a href=\"https:\/\/www.telerama.fr\/radio\/japon-les-fleurs-d-un-monde-flottant-un-enivrant-podcast-signe-amelie-nothomb-7016019.php\">T\u00c9L\u00c9RAMA<\/a> &#8211; TTTT &#8211; \u201c JAPON, LES FLEURS D&rsquo;UN MONDDE FLOTTANT\u201d, UN ENIVRANT PODCAST SIGN\u00c9 AM\u00c9LIE NOTHOMB<br>Enthousiasm\u00e9e par le format podcast, l\u2019\u00e9crivaine, qui avait d\u00e9j\u00e0 imagin\u00e9 une \u201cDivine Com\u00e9die\u201d sonore, revient avec une \u00e9vocation des spiritualit\u00e9s nippones. \u00c0 \u00e9couter sur Audible.<\/p>\n\n\n\n<p><strong>2022<\/strong><br><a href=\"https:\/\/www.ens-louis-lumiere.fr\/la-perception-du-son-spatialise-un-son-propre-pour-un-sens-figure\">CAHIER DE LOUIS LUMI\u00c8RE N\u00b015<\/a><br>Dans ce num\u00e9ro 15 consacr\u00e9 \u00e0 la perception du son spatialis\u00e9, il s\u2019agit notamment de questionner cette promesse r\u00e9currente de r\u00e9volutionner l\u2019exp\u00e9rience des auditeurs en leur donnant \u00e0 entendre un panorama sonore immersif jusqu\u2019alors jamais atteint.<br>Sous la direction scientifique de Corsin Vogel et Sylvain Lambinet<\/p>\n\n\n\n<p><a href=\"https:\/\/www.europe1.fr\/emissions\/linvite-inattendu\/en-eaux-troubles-le-podcast-dadele-humbert-et-emilie-denetre-sur-spotify-4088220\">EUROPE1 <\/a>&#8211; L&rsquo;INVIT\u00c9 DE JULIEN PEARCE <br>Ad\u00e8le Humbert et Emilie Den\u00e8tre, fondatrices d\u2019Insider Podcast et cr\u00e9atrices du podcast \u00ab\u00a0En eaux troubles\u00a0\u00bb, r\u00e9pondent aux questions de Julien Pearce. Presque vingt ans apr\u00e8s la disparition du Bugaled Breizh et de son \u00e9quipage, elles rouvrent l&rsquo;enqu\u00eate \u00e0 travers un podcast disponible sur Spotify.<\/p>\n\n\n\n<p><a href=\"https:\/\/www.franceinter.fr\/emissions\/popopop\/popopop-du-vendredi-21-janvier-2022?fbclid=IwAR1YG3CF7t5C0RM3Hj-blpomLomWT1ydeXkQRk90bYCbH9UR3xaglVki-Vo\">FRANCE INTER <\/a> &#8211; POPOPODCAST EPIDOSE 19 &#8211; AD\u00c8LE HUMBERT ET EMILIE DEN\u00c8TRE<br>Aujourd&rsquo;hui c&rsquo;est un podcast\/feuilleton\/enqu\u00eate que nous mettons \u00e0 l&rsquo;honneur : \u00ab\u00a0En eaux troubles\u00a0\u00bb de \u00c9milie Den\u00e8tre et Ad\u00e8le Humbert, disponible sur Spotify et qui s&rsquo;int\u00e9resse \u00e0 l&rsquo;histoire de ce chalutier breton, le Bugaled Breizh, myst\u00e9rieusement chavir\u00e9 en 2004 au large des c\u00f4tes anglaises. Une affaire sensible d\u00e9velopp\u00e9e en une minie s\u00e9rie asboluement captivante.<\/p>\n\n\n\n<p><a href=\"https:\/\/www.telerama.fr\/radio\/naufrage-du-bugaled-breizh-une-enquete-rouvre-le-cold-case-sur-spotify-7008384.php\">T\u00c9L\u00c9RAMA<\/a> &#8211; TTT &#8211; NAUFRAGE DU \u00ab\u00a0BUGALED BREIZH\u00a0\u00bb : UNE ENQU\u00caTE ROUVRE LE \u00ab\u00a0COLD CASE\u00a0\u00bb SUR SPOTIFY <br>Il y a dix-huit ans, cinq marins disparaissaient en pleine Manche. Rouvrant ce dossier class\u00e9, \u00c9milie Den\u00e8tre et Ad\u00e8le Humbert parviennent \u00e0 d\u2019autres conclusions que la justice fran\u00e7aise. \u201cEn eaux troubles\u201d, leur enqu\u00eate en six volets, est disponible en podcast sur <a href=\"https:\/\/open.spotify.com\/show\/2eC7x0twKGtykT0IaCJwPA\">Spotify<\/a>.<\/p>\n\n\n\n<p><strong>2020<\/strong><br><a href=\"https:\/\/www.rfi.fr\/fr\/podcasts\/de-vive-s-voix\/20201203-podcast-%C3%A0-l-heure-des-%C3%A9crans-%C3%A9crire-une-histoire-audio-pour-les-enfants\">RFI<\/a> &#8211; PODCAST : \u00c0 L&rsquo;HEURE DES \u00c9CRANS, \u00c9CRIRE UNE HISTOIRE AUDIO POUR LES ENFANTS<br>Dans l&rsquo;\u00e9mission <strong>De vive(s) voix<\/strong> du 03\/12\/2020, Chantal Lorho interview Mathieu Genelle sur le processus d&rsquo;\u00e9criture de podcast pour enfants. Il nous parle notamment de son travail sur les <em><a href=\"https:\/\/taleming.com\/\">P&rsquo;tites Histoires<\/a><\/em> ainsi que sur <a href=\"https:\/\/app.sybel.co\/series\/Mi56MZXRGC\"><em>l&rsquo;Aventure de No\u00ebl<\/em>,<\/a> un calendrier de l&rsquo;Avent sonore diffus\u00e9 sur <a href=\"https:\/\/app.sybel.co\/\">Sybel<\/a>.<\/p>\n\n\n\n<p><a href=\"https:\/\/www.franceinter.fr\/emissions\/capture-d-ecrans\/capture-d-ecrans-13-avril-2020?fbclid=IwAR2LsoMpSlJJyGHLTkr94f7DcBzAkSJtdfuTmEU8JBlz4GH3Y-zj05Y4xn4\">FRANCE INTER<\/a> &#8211; \u00ab\u00a0SLOW REV\u00a0\u00bb, UNE FICTION DU TH\u00c9ATRE DE MOGADOR : OUVREZ VOS OREILLES \u00c0 360\u00b0<br>Laissez reposer vos yeux et exercez vos oreilles. Le th\u00e9\u00e2tre Mogador propose gratuitement, sur son site, une fiction sonore enregistr\u00e9e en binaural : du son en trois dimensions, pour une impression d&rsquo;immersion totale. Une histoire de pirates du temps qui r\u00e9sonne particuli\u00e8rement en ce moment !<\/p>\n\n\n\n<p><a href=\"https:\/\/www.marieclaire.fr\/podcast-au-coeur-du-planning-familial,1337856.asp\">MARIE-CLAIRE<\/a> &#8211; PODCAST \u00ab\u00a0AU C\u0152UR DU PLANNING\u00a0\u00bb : IMMERSION SONORE DANS L&rsquo;ASSO F\u00c9MINISTE<br>Il se bat depuis 60 ans pour la sant\u00e9  sexuelle des femmes, et pourtant, certaines ignorent encore ce que le  Planning Familial a de pr\u00e9cieux \u00e0 leur offrir. Avec le podcast \u00ab\u00a0Au coeur  du planning\u00a0\u00bb, l&rsquo;association f\u00e9ministe ouvre ses portes le temps de six  \u00e9pisodes<\/p>\n\n\n\n<p><a href=\"https:\/\/www.telerama.fr\/radio\/podcast-tout,-tout,-tout,-vous-saurez-tout-sur-le-planning-familial,n6596744.php\">T\u00c9L\u00c9RAMA<\/a> &#8211; PODCAST : TOUT TOUT TOUT, VOUS SAUREZ TOUT SUR LE PLANNING FAMILIAL<br>Le Planning familial a d\u00e9sormais son podcast ! Six \u00e9pisodes aux c\u00f4t\u00e9s des conseill\u00e8res conjugales et familiales, pour d\u00e9couvrir leurs missions et d\u00e9samorcer les fantasmes autour de l\u2019association. Rencontre avec la journaliste Isabelle Duriez, sp\u00e9cialiste des droits des femmes, qui a choisi de tendre son micro \u00e0 ces femmes au service des autres.<\/p>\n\n\n\n<p><a href=\"https:\/\/www.elle.fr\/Societe\/News\/Au-coeur-du-Planning-pourquoi-il-faut-ecouter-ce-podcast-3843365\">ELLE<\/a> &#8211; \u00ab\u00a0AU COEUR DU PLANNING\u00a0\u00bb, POURQUOI IL FAUT \u00c9COUTER CE PODCAST<br>La journaliste Isabelle Duriez nous entra\u00eene au c\u0153ur du Planning familial de Marseille. Dans le premier \u00e9pisode, nous sommes propuls\u00e9es aux c\u00f4t\u00e9s de jeunes femmes s\u2019interrogeant sur leur contraception ou une \u00e9ventuelle grossesse. Et nous d\u00e9couvrons l\u2019\u00e9quipe qui au  quotidien \u00e9coute sans jamais juger. Un podcast engag\u00e9 et r\u00e9solument  f\u00e9ministe \u00e0 \u00e9couter sans tra\u00eener.<\/p>\n\n\n\n<p><a href=\"https:\/\/www.lesinrocks.com\/2020\/01\/29\/actualite\/medias-actualite\/podcast-planning-familial\/\">LES INROCKUPTIBLES <\/a>&#8211; \u00ab\u00a0AU COEUR DU PLANNING\u00a0\u00bb UN PODCAST EN IMMERSION DANS LE PLANNING FAMILIAL DE MARSEILLE<br>Contraception, orientation sexuelle, \u00e9ducation, pr\u00e9vention, sexualit\u00e9 et handicap\u2026 Tant de th\u00e8mes abord\u00e9s par le planning familial et que l&rsquo;on retrouvera au sein d&rsquo;un podcast diffus\u00e9 \u00e0 partir du 30 janvier sur le site du r\u00e9seau associatif et militant, pour une s\u00e9rie de six \u00e9pisodes. <\/p>\n\n\n\n<p><a href=\"https:\/\/cheekmagazine.fr\/societe\/au-coeur-du-planning-podcast-isabelle-duriez\/\">CHEEK MAGAZINE<\/a> &#8211; \u00ab\u00a0AU C\u0152UR DU PLANNING\u00a0\u00bb : CE PODCAST VOUS EMM\u00c8NE DANS LES COULISSES DU PLANNING FAMILIAL DE MARSEILLE<br>Si vous ne deviez \u00e9couter qu\u2019un seul podcast aujourd\u2019hui, ce serait le premier \u00e9pisode d\u2019<em>Au coeur du Planning<\/em>, qui vous entra\u00eene dans les coulisses du plus gros Planning familial de France situ\u00e9 \u00e0 Marseille.            <\/p>\n\n\n\n<p><a href=\"https:\/\/www.santemagazine.fr\/actualites\/actualites-psycho-sexo\/au-coeur-du-planning-un-podcast-au-coeur-du-planning-familial-431728\">SANT\u00c9 MAGAZINE<\/a> &#8211; \u00ab\u00a0AU C\u0152UR DU PLANNING\u00a0\u00bb UN PODCAST AU C\u0152UR DU PLANNING FAMILIAL<br>Pr\u00e9vention, accompagnement, bienveillance, empowerment. Le Planning Familial lance une s\u00e9rie documentaire de six podcasts, \u00e9crite et r\u00e9alis\u00e9e par la journaliste Isabelle Duriez<\/p>\n\n\n\n<p><strong>2019<\/strong><br><a href=\"https:\/\/sortir.telerama.fr\/evenements\/quartier-libre\/parcours-immersif-la-fabuleuse-histoire-de-vaux,n6235694.php\">T\u00c9L\u00c9RAMA<\/a> &#8211; TTT &#8211; PARCOURS IMMERSIF : LA FABULEUSE HISTOIRE DE VAUX Une visite du ch\u00e2teau qui devient une exp\u00e9rience immersive et sonore ? C\u2019est ce que propose ce nouveau parcours, qui r\u00e9unit innovations technologiques et r\u00e9cit de la grande histoire. Et c\u2019est une r\u00e9ussite.<br><br><a href=\"https:\/\/www.franceinter.fr\/emissions\/coulisses\/coulisses-25-mai-2019?fbclid=IwAR26RMw8bN36_qVdEEC3kSUaepzxsXT2VmUiNyKKVRAGhhMldrvZykTgzkI\">FRANCE INTER<\/a> &#8211; COULISSES DU SAMEDI 25 MAI 2019<br>Reportage sur le tournage des nouveaux parcours sonore du Ch\u00e2teau de Vaux-le-Vicomte<\/p>\n\n\n\n<p><a href=\"https:\/\/www.sortiraparis.com\/arts-culture\/balades\/articles\/190171-le-chateau-de-vaux-le-vicomte-devoile-ses-nouveaux-parcours-sonores-invitations-\">SORTIR \u00c0 PARIS<\/a><strong> <\/strong>&#8211; LE CH\u00c2TEAU DE VAUX-LE-VICOMTE D\u00c9VOILE SES NOUVEAUX PARCOURS SONORES<br>Le Ch\u00e2teau de Vaux le Vicomte innove cette  ann\u00e9e en mettant en place deux parcours sonores totalement immersifs, l&rsquo;un  adapt\u00e9 aux enfants et l&rsquo;autre aux grands. Plongez dans l&rsquo;histoire de  Nicolas Fouquet \u00e0 travers la d\u00e9couverte des pi\u00e8ces du ch\u00e2teau et revivez  les \u00e9v\u00e8nements de l&rsquo;\u00e9poque comme si vous y \u00e9tiez. Une belle exp\u00e9rience \u00e0  d\u00e9couvrir, d&rsquo;autant plus qu&rsquo;elle est sans suppl\u00e9ment au prix d&rsquo;entr\u00e9e. <\/p>\n\n\n\n<p><a href=\"http:\/\/www.lefigaro.fr\/sortir-paris\/chateau-de-vaux-le-vicomte-de-nouveaux-parcours-sonores-immersifs-20190510?fbclid=IwAR0m-0KbjxRFzGdkzAlQK54QsOp104d0ADZdw5T64eIJ5zN_m-1cQYbkTtc\">LE FIGARO<\/a> &#8211; VAUX-LE-VICOMTE : DE NOUVEAUX PARCOURS SONORES IMMERSIFS<br>Depuis le 6 mai, la demeure du XVIIe si\u00e8cle propose deux parcours sonores, compris dans le prix du billet d\u2019entr\u00e9e, pour une visite innovante et vivante. Nous avons test\u00e9 cette plong\u00e9e dans le \u00abGrand Si\u00e8cle\u00bb accompagn\u00e9e d\u2019une technologie qui devrait faire des adeptes.<\/p>\n\n\n\n<p><a href=\"http:\/\/telecharge-magazines.com\/informatique\/01net-n907-du-24-avril-au-14-mai-2019.html\">01NET<\/a> &#8211; ILS FONT LA RADIO DE DEMAIN<br>Libert\u00e9 de parole, de ton, de mode de narration\u2026 Les podcasts de ces passionn\u00e9s du micro invitent leurs auditeurs \u00e0 vivre des exp\u00e9riences originales.<\/p>\n\n\n\n<p><a href=\"http:\/\/www.sonovision.com\/univers\/item\/sons-3d-a-l-abbaye.html\">SONOVISION<\/a> &#8211; SON 3D \u00c0 L&rsquo;ABBAYE<br>\u00c0 la crois\u00e9e de la musique, du patrimoine et de l\u2019histoire, le  programme de m\u00e9diation num\u00e9rique et sonore de l\u2019Abbaye aux Dames \u00e0 Saintes est un mod\u00e8le du genre.<\/p>\n\n\n\n<p><a href=\"https:\/\/www.telerama.fr\/radio\/plan-culinaire-mais-pourquoi-tant-de-boucan-au-restaurant,n5898573.php\">T\u00c9L\u00c9RAMA<\/a> &#8211; \u201cPLAN CULINAIRE\u201d : MAIS POURQUOI TANT DE BOUCAN AU RESTAURANT ?<br>Le bruit et les papilles ne font pas bon m\u00e9nage\u2026 Un podcast Louie Media consacr\u00e9 au bruit dans les restaurants.<\/p>\n\n\n\n<p><strong>2018<\/strong><br><a href=\"https:\/\/www.telerama.fr\/radio\/flakes-news-sur-louie-media,n5754939.php\">T\u00c9L\u00c9RAMA<\/a> &#8211; FLAKES NEWS SUR LOUIE MEDIA<br>Les corn-flakes au petit d\u00e9jeuner, comme tant d\u2019habitudes alimentaires, pass\u00e9s au tamis de deux journalistes dans ce nouveau podcast de Louie Media. A \u00e9couter sans faim<\/p>\n\n\n\n<p><a href=\"https:\/\/louiemedia.com\/newsletter\/2018\/7\/13\/le-son-binaural-saint-graal-ou-gadget-de-la-cration-sonore\">LOUIE LAB<\/a> &#8211; LE SON BINAURAL : SAINT GRAAL OU GADGET DE LA CR\u00c9ATION SONORE ?<br>Enfin! Avec l&rsquo;\u00e9pisode 1 de <a rel=\"noreferrer noopener\" target=\"_blank\" href=\"https:\/\/louiemedia.com\/plan-culinaire\/1-petit-dejeuner\"><em>Plan Culinaire<\/em><\/a>,  Louie s&rsquo;est mis au son binaural. Oui, le mot fait peur (on dit aussi  \u00abson en 3D\u00bb), mais la r\u00e9alit\u00e9 est encore plus impressionnante ! Si vous  n&rsquo;avez jamais entendu de son binaural, je vous invite \u00e0 \u00e9couter <a rel=\"noreferrer noopener\" target=\"_blank\" href=\"https:\/\/www.youtube.com\/watch?v=JdPEOYhwfuI&amp;t=175s\">cette tondeuse<\/a>  passer pr\u00e8s de votre nuque, vous allez tout de suite comprendre aux  frissons dans votre dos. Cependant, on explique assez peu en quoi le  binaural diff\u00e8re du son habituel, ce que cela peut apporter au podcast  et \u00e0 la cr\u00e9ation sonore en termes d&rsquo;ambiance et d&rsquo;immersion. Je me suis  donc tout naturellement tourn\u00e9 vers l&rsquo;ing\u00e9nieure du son qui s&rsquo;occupe de  la cr\u00e9ation sonore de <em>Plan Culinaire<\/em>.<\/p>\n\n\n\n<p><strong>2016<\/strong><br><a href=\"https:\/\/audioblog.arteradio.com\/article\/23595\/binaural-mode-d-emploi\">AUDIO BLOG ARTE RADIO<\/a> &#8211; BINAURAL, MODE D&rsquo;EMPLOI<br>Le Binaural est une technique autour de laquelle les radios  ont exp\u00e9riment\u00e9 pas mal de choses ces derni\u00e8res ann\u00e9es, notamment ARTE  Radio avec sa s\u00e9rie \u00ab\u00a0Dans la t\u00eate\u00a0\u00bb, mais aussi Radio France. Rien que pour vous, j&rsquo;ai glan\u00e9 les t\u00e9moignages de quelques  pros de la radio qui pratiquent le binaural. Ils nous livrent leurs  impressions, leurs astuces, et quelques anecdotes de tournage. N&rsquo;h\u00e9sitez  pas \u00e0 r\u00e9agir, \u00e0 enrichir, \u00e0 d\u00e9battre via les commentaires. Avec les t\u00e9moignages d&rsquo;Arnaud Forest, F\u00e9lix Blume, Jeremi  Nureni Banafunzi, Charlotte Rouault et Beno\u00eet Bories du duo Fa\u00efdos Sonore, L\u00e9a Chevrier, et Fabienne Laumonier.<\/p>\n\n\n\n<p><br><\/p>\n\n\n\n<p><br><br><\/p>\n","protected":false},"excerpt":{"rendered":"<p>\u00c9V\u00c8NEMENTS A VENIR 17 F\u00e9vrier 2026 : Pop Conf&rsquo; L\u2019invisibilisation des compositrices, quelle partition s\u2019est jou\u00e9e ?Table ronde \u00e0 la Seine Musicale avec Aliette de Laleu, M\u00e9lanie Traversier, Laureline Amanieux et L\u00e9a ChevrierEntr\u00e9e libre sur inscription \u00e0 laseinemusicale@hauts-de-seine.fr Janvier-Mai 2026 : Un orchestre \u00e0 soiL&rsquo;installation Un Orchestre \u00e0 Soi sera expos\u00e9e au SeineLab &#8211; la [&hellip;]<\/p>\n","protected":false},"author":1,"featured_media":0,"parent":0,"menu_order":2,"comment_status":"closed","ping_status":"closed","template":"","meta":[],"_links":{"self":[{"href":"https:\/\/leachevrier.fr\/index.php\/wp-json\/wp\/v2\/pages\/103"}],"collection":[{"href":"https:\/\/leachevrier.fr\/index.php\/wp-json\/wp\/v2\/pages"}],"about":[{"href":"https:\/\/leachevrier.fr\/index.php\/wp-json\/wp\/v2\/types\/page"}],"author":[{"embeddable":true,"href":"https:\/\/leachevrier.fr\/index.php\/wp-json\/wp\/v2\/users\/1"}],"replies":[{"embeddable":true,"href":"https:\/\/leachevrier.fr\/index.php\/wp-json\/wp\/v2\/comments?post=103"}],"version-history":[{"count":90,"href":"https:\/\/leachevrier.fr\/index.php\/wp-json\/wp\/v2\/pages\/103\/revisions"}],"predecessor-version":[{"id":2737,"href":"https:\/\/leachevrier.fr\/index.php\/wp-json\/wp\/v2\/pages\/103\/revisions\/2737"}],"wp:attachment":[{"href":"https:\/\/leachevrier.fr\/index.php\/wp-json\/wp\/v2\/media?parent=103"}],"curies":[{"name":"wp","href":"https:\/\/api.w.org\/{rel}","templated":true}]}}